{"id":2927,"date":"2024-08-31T09:43:59","date_gmt":"2024-08-31T09:43:59","guid":{"rendered":"https:\/\/dijitalahtapot.com\/?page_id=2927"},"modified":"2024-10-06T18:10:00","modified_gmt":"2024-10-06T15:10:00","slug":"fiyatlar","status":"publish","type":"page","link":"https:\/\/dijitalahtapot.com\/?page_id=2927","title":{"rendered":"Fiyatlar"},"content":{"rendered":"\t\t<div data-elementor-type=\"wp-page\" data-elementor-id=\"2927\" class=\"elementor elementor-2927\">\n\t\t\t\t<div class=\"elementor-element elementor-element-7d37def e-flex e-con-boxed e-con e-parent\" data-id=\"7d37def\" data-element_type=\"container\">\n\t\t\t\t\t<div class=\"e-con-inner\">\n\t\t\t\t<div class=\"elementor-element elementor-element-5e16416 elementor-widget elementor-widget-spacer\" data-id=\"5e16416\" data-element_type=\"widget\" data-widget_type=\"spacer.default\">\n\t\t\t\t<div class=\"elementor-widget-container\">\n\t\t\t\t\t\t\t<div class=\"elementor-spacer\">\n\t\t\t<div class=\"elementor-spacer-inner\"><\/div>\n\t\t<\/div>\n\t\t\t\t\t\t<\/div>\n\t\t\t\t<\/div>\n\t\t\t\t<div class=\"elementor-element elementor-element-198c35c iteck-color elementor-widget elementor-widget-iteck-heading\" data-id=\"198c35c\" data-element_type=\"widget\" data-widget_type=\"iteck-heading.default\">\n\t\t\t\t<div class=\"elementor-widget-container\">\n\t\t\t\t\t<h2 class=\"iteck-heading iteck-underline-color\">Paketler ve <span>Fiyatlar<\/span><\/h2>\t\t\t\t<\/div>\n\t\t\t\t<\/div>\n\t\t\t\t<div class=\"elementor-element elementor-element-d09411e elementor-widget elementor-widget-iteck-pricing-table\" data-id=\"d09411e\" data-element_type=\"widget\" data-widget_type=\"iteck-pricing-table.default\">\n\t\t\t\t<div class=\"elementor-widget-container\">\n\t\t\t\t\t\r\n        <div class=\"iteck-price-table\">\r\n\t\t\t\t\t\t<div class=\"pricing-tabsHead text-center\">\r\n\t\t\t\t<div class=\"price-radios\">\r\n\t\t\t\t\t<div class=\"form-check form-check-inline\">\r\n\t\t\t\t\t\t<input class=\"form-check-input\" type=\"radio\" name=\"inlineRadioOptions\" id=\"monthly-input\"\r\n\t\t\t\t\t\t\tvalue=\"option1\">\r\n\t\t\t\t\t\t<label class=\"form-check-label\" for=\"monthly-input\">\r\n\t\t\t\t\t\tAyl\u0131k \u00d6deme\t\t\t\t\t\t\t\t\t\t\t\t<\/label>\r\n\t\t\t\t\t<\/div>\r\n\t\t\t\t\t<div class=\"form-check form-check-inline\">\r\n\t\t\t\t\t\t<input class=\"form-check-input\" type=\"radio\" name=\"inlineRadioOptions\" id=\"yearly-input\"\r\n\t\t\t\t\t\t\tvalue=\"option2\" checked>\r\n\t\t\t\t\t\t<label class=\"form-check-label\" for=\"yearly-input\">\r\n\t\t\t\t\t\t\tY\u0131ll\u0131k \u00d6deme\t\t\t\t\t\t\t <small class=\"alert-danger text-danger rounded-pill ms-1\">-10%<\/small>\t\t\t\t\t\t<\/label>\r\n\t\t\t\t\t<\/div>\r\n\t\t\t\t<\/div>\r\n\t\t\t<\/div>\r\n\t\t\t            <div class=\"table-responsive\">\r\n                <div class=\"content\">\r\n                    <div class=\"price-head\">\r\n                        <div class=\"price-headTitle\">\r\n                            <img decoding=\"async\" src=\"https:\/\/dijitalahtapot.com\/wp-content\/uploads\/2024\/08\/Untitled-2160-x-2160-px-4.png\" alt=\"\">\r\n                        <\/div>\r\n\r\n                        <div class=\"price-headItem plan-1 \">\r\n                            <h6>Ba\u015flang\u0131\u00e7 Paket<\/h6>\r\n                            <h2 class=\"monthly_price\">450 TL <span>  +KDV Ayl\u0131k<\/span><\/h2>\r\n                            <h2 class=\"yearly_price\">4.860 TL    <span>+KDV Y\u0131ll\u0131k<\/span><\/h2>\r\n                            <small>Kullan\u0131c\u0131 ba\u015f\u0131na \u00fccret. En az 1 kullan\u0131c\u0131.<\/small>\r\n\t\t\t\t\t\t\t                        <\/div>\r\n\r\n                                                <div class=\"price-headItem plan-2 recommended\">\r\n                            <h6>Standart Paket<\/h6>\r\n                            <h2 class=\"monthly_price\">950 TL <span>+KDV Ayl\u0131k<\/span><\/h2>\r\n                            <h2 class=\"yearly_price\">10.260 TL <span>+KDV Y\u0131ll\u0131k<\/span><\/h2>\r\n                            <small>Kullan\u0131c\u0131 ba\u015f\u0131na \u00fccret. En az 1 kullan\u0131c\u0131.<\/small>\r\n\t\t\t\t\t\t\t\t\t\t\t\t\t\t<div class=\"label\">\r\n\t\t\t\t\t\t\t\t\t\t\t\t\t\t\t<\/div>\r\n\t\t\t\t\t\t\t                        <\/div>\r\n                        \r\n                                                <div class=\"price-headItem plan-3 \">\r\n                            <h6>Uzman Paket<\/h6>\r\n                            <h2 class=\"monthly_price\">1.350 TL <span>+KDV Ayl\u0131k<\/span><\/h2>\r\n                            <h2 class=\"yearly_price\">14.580 TL <span>+KDV Y\u0131ll\u0131k<\/span><\/h2>\r\n                            <small>Kullan\u0131c\u0131 ba\u015f\u0131na \u00fccret.En az 1 kullan\u0131c\u0131.<\/small>\r\n\t\t\t\t\t\t\t                        <\/div>\r\n                        \r\n                    <\/div>\r\n\r\n                    <div class=\"price-body\">\r\n\r\n                                                    <div class=\"price-bodyItems\">\r\n                                <div class=\"price-bodyTitle\">\r\n                                    M\u00fc\u015fteri Y\u00f6netimi\t\t\t\t\t\t\t\t\t                                <\/div>\r\n\r\n                                <div class=\"price-item \">\r\n                                    <i aria-hidden=\"true\" class=\"features-icon fas fa-check-circle\"><\/i>                                <\/div>\r\n\r\n\t\t\t\t\t\t\t\t                                <div class=\"price-item recommended\">\r\n                                \t<i aria-hidden=\"true\" class=\"features-icon fas fa-check-circle\"><\/i>                                <\/div>\r\n\t\t\t\t\t\t\t\t\r\n\t\t\t\t\t\t\t\t                                <div class=\"price-item \">\r\n                                \t<i aria-hidden=\"true\" class=\"features-icon fas fa-check-circle\"><\/i>                                <\/div>\r\n\t\t\t\t\t\t\t\t                            <\/div>\r\n                                                    <div class=\"price-bodyItems\">\r\n                                <div class=\"price-bodyTitle\">\r\n                                    Stok Takibi\t\t\t\t\t\t\t\t\t                                <\/div>\r\n\r\n                                <div class=\"price-item \">\r\n                                    <i aria-hidden=\"true\" class=\"features-icon fas fa-check-circle\"><\/i>                                <\/div>\r\n\r\n\t\t\t\t\t\t\t\t                                <div class=\"price-item recommended\">\r\n                                \t<i aria-hidden=\"true\" class=\"features-icon fas fa-check-circle\"><\/i>                                <\/div>\r\n\t\t\t\t\t\t\t\t\r\n\t\t\t\t\t\t\t\t                                <div class=\"price-item \">\r\n                                \t<i aria-hidden=\"true\" class=\"features-icon fas fa-check-circle\"><\/i>                                <\/div>\r\n\t\t\t\t\t\t\t\t                            <\/div>\r\n                                                    <div class=\"price-bodyItems\">\r\n                                <div class=\"price-bodyTitle\">\r\n                                    M\u00fc\u015fteri \u0130leti\u015fimi\t\t\t\t\t\t\t\t\t                                <\/div>\r\n\r\n                                <div class=\"price-item \">\r\n                                    <i aria-hidden=\"true\" class=\"features-icon fas fa-check-circle\"><\/i>                                <\/div>\r\n\r\n\t\t\t\t\t\t\t\t                                <div class=\"price-item recommended\">\r\n                                \t<i aria-hidden=\"true\" class=\"features-icon fas fa-check-circle\"><\/i>                                <\/div>\r\n\t\t\t\t\t\t\t\t\r\n\t\t\t\t\t\t\t\t                                <div class=\"price-item \">\r\n                                \t<i aria-hidden=\"true\" class=\"features-icon fas fa-check-circle\"><\/i>                                <\/div>\r\n\t\t\t\t\t\t\t\t                            <\/div>\r\n                                                    <div class=\"price-bodyItems\">\r\n                                <div class=\"price-bodyTitle\">\r\n                                    Sat\u0131\u015f F\u0131rsatlar\u0131\t\t\t\t\t\t\t\t\t                                <\/div>\r\n\r\n                                <div class=\"price-item \">\r\n                                    <i aria-hidden=\"true\" class=\"features-icon fas fa-check-circle\"><\/i>                                <\/div>\r\n\r\n\t\t\t\t\t\t\t\t                                <div class=\"price-item recommended\">\r\n                                \t<i aria-hidden=\"true\" class=\"features-icon fas fa-check-circle\"><\/i>                                <\/div>\r\n\t\t\t\t\t\t\t\t\r\n\t\t\t\t\t\t\t\t                                <div class=\"price-item \">\r\n                                \t<i aria-hidden=\"true\" class=\"features-icon fas fa-check-circle\"><\/i>                                <\/div>\r\n\t\t\t\t\t\t\t\t                            <\/div>\r\n                                                    <div class=\"price-bodyItems\">\r\n                                <div class=\"price-bodyTitle\">\r\n                                    Raporlamalar\t\t\t\t\t\t\t\t\t                                <\/div>\r\n\r\n                                <div class=\"price-item \">\r\n                                    <i aria-hidden=\"true\" class=\"features-icon fas fa-check-circle\"><\/i>                                <\/div>\r\n\r\n\t\t\t\t\t\t\t\t                                <div class=\"price-item recommended\">\r\n                                \t<i aria-hidden=\"true\" class=\"features-icon fas fa-check-circle\"><\/i>                                <\/div>\r\n\t\t\t\t\t\t\t\t\r\n\t\t\t\t\t\t\t\t                                <div class=\"price-item \">\r\n                                \t<i aria-hidden=\"true\" class=\"features-icon fas fa-check-circle\"><\/i>                                <\/div>\r\n\t\t\t\t\t\t\t\t                            <\/div>\r\n                                                    <div class=\"price-bodyItems\">\r\n                                <div class=\"price-bodyTitle\">\r\n                                    Telefonla Destek\t\t\t\t\t\t\t\t\t                                <\/div>\r\n\r\n                                <div class=\"price-item \">\r\n                                    <i aria-hidden=\"true\" class=\"features-icon fas fa-check-circle\"><\/i>                                <\/div>\r\n\r\n\t\t\t\t\t\t\t\t                                <div class=\"price-item recommended\">\r\n                                \t<i aria-hidden=\"true\" class=\"features-icon fas fa-check-circle\"><\/i>                                <\/div>\r\n\t\t\t\t\t\t\t\t\r\n\t\t\t\t\t\t\t\t                                <div class=\"price-item \">\r\n                                \t<i aria-hidden=\"true\" class=\"features-icon fas fa-check-circle\"><\/i>                                <\/div>\r\n\t\t\t\t\t\t\t\t                            <\/div>\r\n                                                    <div class=\"price-bodyItems\">\r\n                                <div class=\"price-bodyTitle\">\r\n                                    E-Fatura\t\t\t\t\t\t\t\t\t                                <\/div>\r\n\r\n                                <div class=\"price-item \">\r\n                                                                    <\/div>\r\n\r\n\t\t\t\t\t\t\t\t                                <div class=\"price-item recommended\">\r\n                                \t<i aria-hidden=\"true\" class=\"features-icon fas fa-check-circle\"><\/i>                                <\/div>\r\n\t\t\t\t\t\t\t\t\r\n\t\t\t\t\t\t\t\t                                <div class=\"price-item \">\r\n                                \t<i aria-hidden=\"true\" class=\"features-icon fas fa-check-circle\"><\/i>                                <\/div>\r\n\t\t\t\t\t\t\t\t                            <\/div>\r\n                                                    <div class=\"price-bodyItems\">\r\n                                <div class=\"price-bodyTitle\">\r\n                                    VIP Destek\t\t\t\t\t\t\t\t\t                                <\/div>\r\n\r\n                                <div class=\"price-item \">\r\n                                                                    <\/div>\r\n\r\n\t\t\t\t\t\t\t\t                                <div class=\"price-item recommended\">\r\n                                \t                                <\/div>\r\n\t\t\t\t\t\t\t\t\r\n\t\t\t\t\t\t\t\t                                <div class=\"price-item \">\r\n                                \t<i aria-hidden=\"true\" class=\"features-icon fas fa-check-circle\"><\/i>                                <\/div>\r\n\t\t\t\t\t\t\t\t                            <\/div>\r\n                        \r\n                    <\/div>\r\n\r\n                    <div class=\"price-foot\">\r\n\r\n\t\t\t\t\t\t<div class=\"price-footTitle\"><\/div>\r\n\r\n                        <div class=\"price-footItem \">\r\n                            <a href=\"https:\/\/dijitalahtapot.com\/baslangic-paketi-basvuru\/\" class=\"btn btn-3Dbutn\">\r\n                                <span>\u00dccretsiz Dene<\/span>\r\n                            <\/a>\r\n                        <\/div>\r\n\r\n                                                <div class=\"price-footItem recommended\">\r\n                            <a href=\"https:\/\/dijitalahtapot.com\/standart-paket-basvuru-formu\/\" class=\"btn btn-3Dbutn\">\r\n                                <span>\u00dccretsiz Dene<\/span>\r\n                            <\/a>\r\n                        <\/div>\r\n                        \r\n                                                <div class=\"price-footItem \">\r\n                            <a href=\"https:\/\/dijitalahtapot.com\/uzman-paket-basvuru-formu\/\" class=\"btn btn-3Dbutn\">\r\n                                <span>\u00dccretsiz Dene<\/span>\r\n                            <\/a>\r\n                        <\/div>\r\n                        \r\n                    <\/div>\r\n\r\n                <\/div>\r\n            <\/div>\r\n        <\/div>\r\n\r\n\t\t\t\t<\/div>\n\t\t\t\t<\/div>\n\t\t\t\t<div class=\"elementor-element elementor-element-ebe78a3 elementor-widget elementor-widget-spacer\" data-id=\"ebe78a3\" data-element_type=\"widget\" data-widget_type=\"spacer.default\">\n\t\t\t\t<div class=\"elementor-widget-container\">\n\t\t\t\t\t\t\t<div class=\"elementor-spacer\">\n\t\t\t<div class=\"elementor-spacer-inner\"><\/div>\n\t\t<\/div>\n\t\t\t\t\t\t<\/div>\n\t\t\t\t<\/div>\n\t\t\t\t\t<\/div>\n\t\t\t\t<\/div>\n\t\t<div class=\"elementor-element elementor-element-64e90af e-flex e-con-boxed e-con e-parent\" data-id=\"64e90af\" data-element_type=\"container\">\n\t\t\t\t\t<div class=\"e-con-inner\">\n\t\t\t\t<div class=\"elementor-element elementor-element-14e3703 iteck-color elementor-widget elementor-widget-iteck-heading\" data-id=\"14e3703\" data-element_type=\"widget\" data-widget_type=\"iteck-heading.default\">\n\t\t\t\t<div class=\"elementor-widget-container\">\n\t\t\t\t\t<h2 class=\"iteck-heading iteck-underline-color\">Bize <span>Ula\u015f\u0131n<\/span><\/h2>\t\t\t\t<\/div>\n\t\t\t\t<\/div>\n\t\t\t\t\t<\/div>\n\t\t\t\t<\/div>\n\t\t<div class=\"elementor-element elementor-element-c1dd475 e-flex e-con-boxed e-con e-parent\" data-id=\"c1dd475\" data-element_type=\"container\">\n\t\t\t\t\t<div class=\"e-con-inner\">\n\t\t\t\t<div class=\"elementor-element elementor-element-b74be0e elementor-widget elementor-widget-wpforms\" data-id=\"b74be0e\" data-element_type=\"widget\" data-widget_type=\"wpforms.default\">\n\t\t\t\t<div class=\"elementor-widget-container\">\n\t\t\t\t\t<style id=\"wpforms-css-vars-root\">\n\t\t\t\t:root {\n\t\t\t\t\t--wpforms-field-border-radius: 3px;\n--wpforms-field-border-style: solid;\n--wpforms-field-border-size: 1px;\n--wpforms-field-background-color: #ffffff;\n--wpforms-field-border-color: rgba( 0, 0, 0, 0.25 );\n--wpforms-field-border-color-spare: rgba( 0, 0, 0, 0.25 );\n--wpforms-field-text-color: rgba( 0, 0, 0, 0.7 );\n--wpforms-field-menu-color: #ffffff;\n--wpforms-label-color: rgba( 0, 0, 0, 0.85 );\n--wpforms-label-sublabel-color: rgba( 0, 0, 0, 0.55 );\n--wpforms-label-error-color: #d63637;\n--wpforms-button-border-radius: 3px;\n--wpforms-button-border-style: none;\n--wpforms-button-border-size: 1px;\n--wpforms-button-background-color: #066aab;\n--wpforms-button-border-color: #066aab;\n--wpforms-button-text-color: #ffffff;\n--wpforms-page-break-color: #066aab;\n--wpforms-background-image: none;\n--wpforms-background-position: center center;\n--wpforms-background-repeat: no-repeat;\n--wpforms-background-size: cover;\n--wpforms-background-width: 100px;\n--wpforms-background-height: 100px;\n--wpforms-background-color: rgba( 0, 0, 0, 0 );\n--wpforms-background-url: none;\n--wpforms-container-padding: 0px;\n--wpforms-container-border-style: none;\n--wpforms-container-border-width: 1px;\n--wpforms-container-border-color: #000000;\n--wpforms-container-border-radius: 3px;\n--wpforms-field-size-input-height: 43px;\n--wpforms-field-size-input-spacing: 15px;\n--wpforms-field-size-font-size: 16px;\n--wpforms-field-size-line-height: 19px;\n--wpforms-field-size-padding-h: 14px;\n--wpforms-field-size-checkbox-size: 16px;\n--wpforms-field-size-sublabel-spacing: 5px;\n--wpforms-field-size-icon-size: 1;\n--wpforms-label-size-font-size: 16px;\n--wpforms-label-size-line-height: 19px;\n--wpforms-label-size-sublabel-font-size: 14px;\n--wpforms-label-size-sublabel-line-height: 17px;\n--wpforms-button-size-font-size: 17px;\n--wpforms-button-size-height: 41px;\n--wpforms-button-size-padding-h: 15px;\n--wpforms-button-size-margin-top: 10px;\n--wpforms-container-shadow-size-box-shadow: none;\n\n\t\t\t\t}\n\t\t\t<\/style><style id=\"wpforms-css-vars-elementor-widget-b74be0e\">\n\t\t\t\t.elementor-widget-wpforms.elementor-element-b74be0e {\n\t\t\t\t\t--wpforms-field-size-input-height: 43px;\n--wpforms-field-size-input-spacing: 15px;\n--wpforms-field-size-font-size: 16px;\n--wpforms-field-size-line-height: 19px;\n--wpforms-field-size-padding-h: 14px;\n--wpforms-field-size-checkbox-size: 16px;\n--wpforms-field-size-sublabel-spacing: 5px;\n--wpforms-field-size-icon-size: 1;\n--wpforms-label-size-font-size: 16px;\n--wpforms-label-size-line-height: 19px;\n--wpforms-label-size-sublabel-font-size: 14px;\n--wpforms-label-size-sublabel-line-height: 17px;\n--wpforms-button-size-font-size: 17px;\n--wpforms-button-size-height: 41px;\n--wpforms-button-size-padding-h: 15px;\n--wpforms-button-size-margin-top: 10px;\n\n\t\t\t\t}\n\t\t\t<\/style><div class=\"wpforms-container wpforms-container-full wpforms-render-modern\" id=\"wpforms-2874\"><form id=\"wpforms-form-2874\" class=\"wpforms-validate wpforms-form wpforms-ajax-form\" data-formid=\"2874\" method=\"post\" enctype=\"multipart\/form-data\" action=\"\/index.php?rest_route=%2Fwp%2Fv2%2Fpages%2F2927\" data-token=\"910dc9b2562e4ea370f1e9b226dc2fe3\" data-token-time=\"1778060495\"><noscript class=\"wpforms-error-noscript\">Bu formu bitirebilmek i\u00e7in taray\u0131c\u0131n\u0131zda JavaScript&#039;i etkinle\u015ftirin.<\/noscript><div class=\"wpforms-hidden\" id=\"wpforms-error-noscript\">Bu formu bitirebilmek i\u00e7in taray\u0131c\u0131n\u0131zda JavaScript&#039;i etkinle\u015ftirin.<\/div><div class=\"wpforms-field-container\"><div id=\"wpforms-2874-field_1-container\" class=\"wpforms-field wpforms-field-name\" data-field-id=\"1\"><fieldset><legend class=\"wpforms-field-label\">Ad\u0131n\u0131z Soyad\u0131n\u0131z <span class=\"wpforms-required-label\" aria-hidden=\"true\">*<\/span><\/legend><div class=\"wpforms-field-row wpforms-field-medium\"><div class=\"wpforms-field-row-block wpforms-first wpforms-one-half\"><input type=\"text\" id=\"wpforms-2874-field_1\" class=\"wpforms-field-name-first wpforms-field-required\" name=\"wpforms[fields][1][first]\" aria-errormessage=\"wpforms-2874-field_1-error\" aria-describedby=\"wpforms-2874-field_1-description\" required><label for=\"wpforms-2874-field_1\" class=\"wpforms-field-sublabel after\">Ad<\/label><\/div><div class=\"wpforms-field-row-block wpforms-one-half\"><input type=\"text\" id=\"wpforms-2874-field_1-last\" class=\"wpforms-field-name-last wpforms-field-required\" name=\"wpforms[fields][1][last]\" aria-errormessage=\"wpforms-2874-field_1-last-error\" aria-describedby=\"wpforms-2874-field_1-description\" required><label for=\"wpforms-2874-field_1-last\" class=\"wpforms-field-sublabel after\">Soyad<\/label><\/div><\/div><div id=\"wpforms-2874-field_1-description\" class=\"wpforms-field-description\">Bu alan\u0131 dolddurmak zorunludur.<\/div><\/fieldset><\/div><div id=\"wpforms-2874-field_2-container\" class=\"wpforms-field wpforms-field-email\" data-field-id=\"2\"><label class=\"wpforms-field-label\" for=\"wpforms-2874-field_2\">E-posta <span class=\"wpforms-required-label\" aria-hidden=\"true\">*<\/span><\/label><input type=\"email\" id=\"wpforms-2874-field_2\" class=\"wpforms-field-medium wpforms-field-required\" name=\"wpforms[fields][2]\" spellcheck=\"false\" aria-errormessage=\"wpforms-2874-field_2-error\" aria-describedby=\"wpforms-2874-field_2-description\" required><div id=\"wpforms-2874-field_2-description\" class=\"wpforms-field-description\">Bu alan\u0131 doldurmak zorunludur.<\/div><\/div><div id=\"wpforms-2874-field_6-container\" class=\"wpforms-field wpforms-field-text\" data-field-id=\"6\"><label class=\"wpforms-field-label\" for=\"wpforms-2874-field_6\">Telefon <span class=\"wpforms-required-label\" aria-hidden=\"true\">*<\/span><\/label><input type=\"text\" id=\"wpforms-2874-field_6\" class=\"wpforms-field-medium wpforms-field-required\" name=\"wpforms[fields][6]\" aria-errormessage=\"wpforms-2874-field_6-error\" required><\/div><div id=\"wpforms-2874-field_5-container\" class=\"wpforms-field wpforms-field-select wpforms-field-select-style-classic\" data-field-id=\"5\"><label class=\"wpforms-field-label\" for=\"wpforms-2874-field_5\">Denemek istedi\u011finiz paketi se\u00e7iniz <span class=\"wpforms-required-label\" aria-hidden=\"true\">*<\/span><\/label><select id=\"wpforms-2874-field_5\" class=\"wpforms-field-medium wpforms-field-required\" name=\"wpforms[fields][5]\" required=\"required\"><option value=\"Ba\u015flang\u0131\u00e7\" >Ba\u015flang\u0131\u00e7<\/option><option value=\"Standart\" >Standart<\/option><option value=\"Uzman\" >Uzman<\/option><\/select><div id=\"wpforms-2874-field_5-description\" class=\"wpforms-field-description\">Bu alan\u0131 doldurmak zorunludur. L\u00fctfen denemek istedi\u011finiz paketi se\u00e7iniz.<\/div><\/div><\/div><!-- .wpforms-field-container --><div class=\"wpforms-submit-container\" ><input type=\"hidden\" name=\"wpforms[id]\" value=\"2874\"><input type=\"hidden\" name=\"page_title\" value=\"\"><input type=\"hidden\" name=\"page_url\" value=\"https:\/\/dijitalahtapot.com\/index.php?rest_route=%2Fwp%2Fv2%2Fpages%2F2927\"><button type=\"submit\" name=\"wpforms[submit]\" id=\"wpforms-submit-2874\" class=\"wpforms-submit\" data-alt-text=\"G\u00f6nderiliyor...\" data-submit-text=\"G\u00f6nder\" aria-live=\"assertive\" value=\"wpforms-submit\">G\u00f6nder<\/button><img decoding=\"async\" src=\"https:\/\/dijitalahtapot.com\/wp-content\/plugins\/wpforms-lite\/assets\/images\/submit-spin.svg\" class=\"wpforms-submit-spinner\" style=\"display: none;\" width=\"26\" height=\"26\" alt=\"Y\u00fckleniyor\"><\/div><\/form><\/div>  <!-- .wpforms-container -->\t\t\t\t<\/div>\n\t\t\t\t<\/div>\n\t\t\t\t\t<\/div>\n\t\t\t\t<\/div>\n\t\t<div class=\"elementor-element elementor-element-457b4a6 e-flex e-con-boxed e-con e-parent\" data-id=\"457b4a6\" data-element_type=\"container\">\n\t\t\t\t\t<div class=\"e-con-inner\">\n\t\t\t\t<div class=\"elementor-element elementor-element-5eb6f35 elementor-widget elementor-widget-spacer\" data-id=\"5eb6f35\" data-element_type=\"widget\" data-widget_type=\"spacer.default\">\n\t\t\t\t<div class=\"elementor-widget-container\">\n\t\t\t\t\t\t\t<div class=\"elementor-spacer\">\n\t\t\t<div class=\"elementor-spacer-inner\"><\/div>\n\t\t<\/div>\n\t\t\t\t\t\t<\/div>\n\t\t\t\t<\/div>\n\t\t\t\t\t<\/div>\n\t\t\t\t<\/div>\n\t\t\t\t<\/div>\n\t\t","protected":false},"excerpt":{"rendered":"<p>Paketler ve Fiyatlar Ayl\u0131k \u00d6deme Y\u0131ll\u0131k \u00d6deme -10% Ba\u015flang\u0131\u00e7 Paket 450 TL +KDV Ayl\u0131k 4.860 TL +KDV Y\u0131ll\u0131k Kullan\u0131c\u0131 ba\u015f\u0131na \u00fccret. En az 1 kullan\u0131c\u0131. Standart Paket 950 TL +KDV Ayl\u0131k 10.260 TL +KDV Y\u0131ll\u0131k Kullan\u0131c\u0131 ba\u015f\u0131na \u00fccret. En az 1 kullan\u0131c\u0131. Uzman Paket 1.350 TL +KDV Ayl\u0131k 14.580 TL +KDV Y\u0131ll\u0131k Kullan\u0131c\u0131 ba\u015f\u0131na \u00fccret.En az 1 kullan\u0131c\u0131. M\u00fc\u015fteri Y\u00f6netimi &hellip;<\/p>\n","protected":false},"author":1,"featured_media":0,"parent":0,"menu_order":0,"comment_status":"closed","ping_status":"closed","template":"iteck-builder.php","meta":{"footnotes":""},"_links":{"self":[{"href":"https:\/\/dijitalahtapot.com\/index.php?rest_route=\/wp\/v2\/pages\/2927"}],"collection":[{"href":"https:\/\/dijitalahtapot.com\/index.php?rest_route=\/wp\/v2\/pages"}],"about":[{"href":"https:\/\/dijitalahtapot.com\/index.php?rest_route=\/wp\/v2\/types\/page"}],"author":[{"embeddable":true,"href":"https:\/\/dijitalahtapot.com\/index.php?rest_route=\/wp\/v2\/users\/1"}],"replies":[{"embeddable":true,"href":"https:\/\/dijitalahtapot.com\/index.php?rest_route=%2Fwp%2Fv2%2Fcomments&post=2927"}],"version-history":[{"count":40,"href":"https:\/\/dijitalahtapot.com\/index.php?rest_route=\/wp\/v2\/pages\/2927\/revisions"}],"predecessor-version":[{"id":3530,"href":"https:\/\/dijitalahtapot.com\/index.php?rest_route=\/wp\/v2\/pages\/2927\/revisions\/3530"}],"wp:attachment":[{"href":"https:\/\/dijitalahtapot.com\/index.php?rest_route=%2Fwp%2Fv2%2Fmedia&parent=2927"}],"curies":[{"name":"wp","href":"https:\/\/api.w.org\/{rel}","templated":true}]}}