{"id":2948,"date":"2024-08-31T09:45:25","date_gmt":"2024-08-31T09:45:25","guid":{"rendered":"https:\/\/dijitalahtapot.com\/?page_id=2948"},"modified":"2024-09-15T13:42:16","modified_gmt":"2024-09-15T10:42:16","slug":"urunler","status":"publish","type":"page","link":"https:\/\/dijitalahtapot.com\/?page_id=2948","title":{"rendered":"\u00dcr\u00fcnler"},"content":{"rendered":"\t\t<div data-elementor-type=\"wp-page\" data-elementor-id=\"2948\" class=\"elementor elementor-2948\">\n\t\t\t\t<div class=\"elementor-element elementor-element-4de719f e-flex e-con-boxed e-con e-parent\" data-id=\"4de719f\" data-element_type=\"container\">\n\t\t\t\t\t<div class=\"e-con-inner\">\n\t\t\t\t<div class=\"elementor-element elementor-element-9881c4a elementor-widget elementor-widget-spacer\" data-id=\"9881c4a\" data-element_type=\"widget\" data-widget_type=\"spacer.default\">\n\t\t\t\t<div class=\"elementor-widget-container\">\n\t\t\t\t\t\t\t<div class=\"elementor-spacer\">\n\t\t\t<div class=\"elementor-spacer-inner\"><\/div>\n\t\t<\/div>\n\t\t\t\t\t\t<\/div>\n\t\t\t\t<\/div>\n\t\t\t\t<div class=\"elementor-element elementor-element-cf14154 elementor-widget elementor-widget-heading\" data-id=\"cf14154\" data-element_type=\"widget\" data-widget_type=\"heading.default\">\n\t\t\t\t<div class=\"elementor-widget-container\">\n\t\t\t\t\t<h1 class=\"elementor-heading-title elementor-size-default\"><h2 data-elementor-setting-key=\"title\" data-pen-placeholder=\"Buraya Yaz\u0131n...\" style=\"font-weight: 700;line-height: 1.4em;font-size: 45px\"><span>\u00dcr\u00fcnler<\/span><\/h2><\/h1>\t\t\t\t<\/div>\n\t\t\t\t<\/div>\n\t\t\t\t\t<\/div>\n\t\t\t\t<\/div>\n\t\t<div class=\"elementor-element elementor-element-4a1f115 e-con-full e-flex e-con e-parent\" data-id=\"4a1f115\" data-element_type=\"container\">\n\t\t<div class=\"elementor-element elementor-element-7de9c9b e-con-full e-flex e-con e-child\" data-id=\"7de9c9b\" data-element_type=\"container\">\n\t\t\t\t<div class=\"elementor-element elementor-element-30878be elementor-widget__width-initial elementor-view-default elementor-position-top iteck-icon-box-vertical-align-top elementor-widget elementor-widget-iteck-icon-box\" data-id=\"30878be\" data-element_type=\"widget\" data-widget_type=\"iteck-icon-box.default\">\n\t\t\t\t<div class=\"elementor-widget-container\">\n\t\t\t\t\t\t\t<div class=\"iteck-icon-box position-top elementor-icon-box-wrapper\">\r\n\t\t\t\t\t\t<div class=\"elementor-icon-box-icon\">\r\n\t\t\t\t<span class=\"elementor-icon elementor-animation-\" >\r\n\t\t\t\t\t\t\t\t\t\t\t\t<img decoding=\"async\" src=\"https:\/\/dijitalahtapot.com\/wp-content\/uploads\/2024\/08\/2.png\" alt=\"\">\r\n\t\t\t\t\t\t\t\t<\/span>\r\n\t\t\t<\/div>\r\n\t\t\t\t\t\t<div class=\"elementor-icon-box-content\">\r\n\t\t\t\t<h3 class=\"elementor-icon-box-title\">\r\n\t\t\t\t\t<span  >\r\n\t\t\t\t\t\tBayi Y\u00f6netim Mod\u00fcl\u00fc\t\t\t\t\t<\/span>\r\n\t\t\t\t<\/h3>\r\n\t\t\t\t\t\t\t\t\t<p class=\"elementor-icon-box-description\">\r\n\t\t\t\t\t\tDijital Ahtapot, Bayi Y\u00f6netim Otomasyonu ile KOB\u0130'lerimizin yan\u0131nda! Stok ve sipari\u015f y\u00f6netiminden bayi ileti\u015fimine kadar bayilerinizle olan t\u00fcm operasyonlar\u0131n\u0131z\u0131 Dijital Ahtapot yard\u0131m\u0131yla y\u00f6netebilirsiniz. Bayilerinize ve size zaman kazand\u0131r\u0131r , verimlili\u011finizi artt\u0131r\u0131r.\t\t\t\t\t<\/p>\r\n\t\t\t\t\t\t\t<\/div>\r\n\t\t\t\t\t<\/div>\r\n\t\t\t\t\t\t<\/div>\n\t\t\t\t<\/div>\n\t\t\t\t<\/div>\n\t\t<div class=\"elementor-element elementor-element-55f18ec e-con-full e-flex e-con e-child\" data-id=\"55f18ec\" data-element_type=\"container\">\n\t\t\t\t<div class=\"elementor-element elementor-element-18e1a28 elementor-view-default elementor-position-top iteck-icon-box-vertical-align-top elementor-widget elementor-widget-iteck-icon-box\" data-id=\"18e1a28\" data-element_type=\"widget\" data-widget_type=\"iteck-icon-box.default\">\n\t\t\t\t<div class=\"elementor-widget-container\">\n\t\t\t\t\t\t\t<div class=\"iteck-icon-box position-top elementor-icon-box-wrapper\">\r\n\t\t\t\t\t\t<div class=\"elementor-icon-box-icon\">\r\n\t\t\t\t<span class=\"elementor-icon elementor-animation-\" >\r\n\t\t\t\t\t\t\t\t\t\t\t\t<img decoding=\"async\" src=\"https:\/\/dijitalahtapot.com\/wp-content\/uploads\/2024\/08\/Untitled-2160-x-2160-px-1.png\" alt=\"\">\r\n\t\t\t\t\t\t\t\t<\/span>\r\n\t\t\t<\/div>\r\n\t\t\t\t\t\t<div class=\"elementor-icon-box-content\">\r\n\t\t\t\t<h3 class=\"elementor-icon-box-title\">\r\n\t\t\t\t\t<span  >\r\n\t\t\t\t\t\tM\u00fc\u015fteri \u0130li\u015fkileri Mod\u00fcl\u00fc (CRM)\t\t\t\t\t<\/span>\r\n\t\t\t\t<\/h3>\r\n\t\t\t\t\t\t\t\t\t<p class=\"elementor-icon-box-description\">\r\n\t\t\t\t\t\tF\u0131rsat ve m\u00fc\u015fteri ileti\u015fimlerinizi Dijital Ahtapot ile kay\u0131t alt\u0131na al\u0131n. M\u00fc\u015fteri ve tedarik\u00e7ilerinizle her zaman yak\u0131n olun. Firman\u0131z hakk\u0131ndaki geli\u015fmeleri h\u0131zl\u0131ca onlarla payla\u015f\u0131n.\t\t\t\t\t<\/p>\r\n\t\t\t\t\t\t\t<\/div>\r\n\t\t\t\t\t<\/div>\r\n\t\t\t\t\t\t<\/div>\n\t\t\t\t<\/div>\n\t\t\t\t<\/div>\n\t\t\t\t<\/div>\n\t\t<div class=\"elementor-element elementor-element-eaa09ec e-flex e-con-boxed e-con e-parent\" data-id=\"eaa09ec\" data-element_type=\"container\">\n\t\t\t\t\t<div class=\"e-con-inner\">\n\t\t<div class=\"elementor-element elementor-element-c43331b e-con-full e-flex e-con e-child\" data-id=\"c43331b\" data-element_type=\"container\">\n\t\t\t\t<div class=\"elementor-element elementor-element-f016438 elementor-view-default elementor-position-top iteck-icon-box-vertical-align-top elementor-widget elementor-widget-iteck-icon-box\" data-id=\"f016438\" data-element_type=\"widget\" data-widget_type=\"iteck-icon-box.default\">\n\t\t\t\t<div class=\"elementor-widget-container\">\n\t\t\t\t\t\t\t<div class=\"iteck-icon-box position-top elementor-icon-box-wrapper\">\r\n\t\t\t\t\t\t<div class=\"elementor-icon-box-icon\">\r\n\t\t\t\t<span class=\"elementor-icon elementor-animation-\" >\r\n\t\t\t\t\t\t\t\t\t\t\t\t<img decoding=\"async\" src=\"https:\/\/dijitalahtapot.com\/wp-content\/uploads\/2024\/08\/6.png\" alt=\"\">\r\n\t\t\t\t\t\t\t\t<\/span>\r\n\t\t\t<\/div>\r\n\t\t\t\t\t\t<div class=\"elementor-icon-box-content\">\r\n\t\t\t\t<h3 class=\"elementor-icon-box-title\">\r\n\t\t\t\t\t<span  >\r\n\t\t\t\t\t\t\u00dcretim Planlama Mod\u00fcl\u00fc\t\t\t\t\t<\/span>\r\n\t\t\t\t<\/h3>\r\n\t\t\t\t\t\t\t\t\t<p class=\"elementor-icon-box-description\">\r\n\t\t\t\t\t\tHammadde ve yar\u0131 mamulden \u00fcr\u00fcne giden s\u00fcreci re\u00e7ete ile tan\u0131mlay\u0131p, \u00fcretim maliyet ve s\u00fcre\u00e7lerini izleyebilirsiniz. \u00dcretim i\u00e7in ihtiya\u00e7 olan verilere an\u0131nda ula\u015farak sa\u011fl\u0131kl\u0131 \u00fcretim plan\u0131 olu\u015fturabilirsiniz.\t\t\t\t\t<\/p>\r\n\t\t\t\t\t\t\t<\/div>\r\n\t\t\t\t\t<\/div>\r\n\t\t\t\t\t\t<\/div>\n\t\t\t\t<\/div>\n\t\t\t\t<\/div>\n\t\t<div class=\"elementor-element elementor-element-dba22de e-con-full e-flex e-con e-child\" data-id=\"dba22de\" data-element_type=\"container\">\n\t\t\t\t<div class=\"elementor-element elementor-element-08b5d5d elementor-widget__width-initial elementor-view-default elementor-position-top iteck-icon-box-vertical-align-top elementor-widget elementor-widget-iteck-icon-box\" data-id=\"08b5d5d\" data-element_type=\"widget\" data-widget_type=\"iteck-icon-box.default\">\n\t\t\t\t<div class=\"elementor-widget-container\">\n\t\t\t\t\t\t\t<div class=\"iteck-icon-box position-top elementor-icon-box-wrapper\">\r\n\t\t\t\t\t\t<div class=\"elementor-icon-box-icon\">\r\n\t\t\t\t<span class=\"elementor-icon elementor-animation-\" >\r\n\t\t\t\t\t\t\t\t\t\t\t\t<img decoding=\"async\" src=\"https:\/\/dijitalahtapot.com\/wp-content\/uploads\/2024\/08\/5.png\" alt=\"\">\r\n\t\t\t\t\t\t\t\t<\/span>\r\n\t\t\t<\/div>\r\n\t\t\t\t\t\t<div class=\"elementor-icon-box-content\">\r\n\t\t\t\t<h3 class=\"elementor-icon-box-title\">\r\n\t\t\t\t\t<span  >\r\n\t\t\t\t\t\tEmlak Mod\u00fcl\u00fc\t\t\t\t\t<\/span>\r\n\t\t\t\t<\/h3>\r\n\t\t\t\t\t\t\t\t\t<p class=\"elementor-icon-box-description\">\r\n\t\t\t\t\t\tEmlak\u00e7\u0131lar\u0131n i\u015fini kolayla\u015ft\u0131racak bu mod\u00fcl ile m\u00fc\u015fteri ve portf\u00f6yleri kay\u0131t alt\u0131na alarak, Yer G\u00f6sterme Belgesi, Kira Kontrat\u0131 ve Cayme Ak\u00e7esi kolayl\u0131kla haz\u0131rlanabilir. Emlak\u00e7\u0131n\u0131n m\u00fc\u015fterilerine ve portf\u00f6ylerine odaklanmalar\u0131na destek veren Emlak Mod\u00fcl\u00fc ile i\u015finizi y\u00f6netin ve b\u00fcy\u00fct\u00fcn!\t\t\t\t\t<\/p>\r\n\t\t\t\t\t\t\t<\/div>\r\n\t\t\t\t\t<\/div>\r\n\t\t\t\t\t\t<\/div>\n\t\t\t\t<\/div>\n\t\t\t\t<\/div>\n\t\t\t\t\t<\/div>\n\t\t\t\t<\/div>\n\t\t<div class=\"elementor-element elementor-element-52c1ac6 e-flex e-con-boxed e-con e-parent\" data-id=\"52c1ac6\" data-element_type=\"container\">\n\t\t\t\t\t<div class=\"e-con-inner\">\n\t\t<div class=\"elementor-element elementor-element-54ecff9 e-con-full e-flex e-con e-child\" data-id=\"54ecff9\" data-element_type=\"container\">\n\t\t\t\t<div class=\"elementor-element elementor-element-1563ed8 elementor-view-default elementor-position-top iteck-icon-box-vertical-align-top elementor-widget elementor-widget-iteck-icon-box\" data-id=\"1563ed8\" data-element_type=\"widget\" data-widget_type=\"iteck-icon-box.default\">\n\t\t\t\t<div class=\"elementor-widget-container\">\n\t\t\t\t\t\t\t<div class=\"iteck-icon-box position-top elementor-icon-box-wrapper\">\r\n\t\t\t\t\t\t<div class=\"elementor-icon-box-icon\">\r\n\t\t\t\t<span class=\"elementor-icon elementor-animation-\" >\r\n\t\t\t\t\t\t\t\t\t\t\t\t<img decoding=\"async\" src=\"https:\/\/dijitalahtapot.com\/wp-content\/uploads\/2024\/08\/1.png\" alt=\"\">\r\n\t\t\t\t\t\t\t\t<\/span>\r\n\t\t\t<\/div>\r\n\t\t\t\t\t\t<div class=\"elementor-icon-box-content\">\r\n\t\t\t\t<h3 class=\"elementor-icon-box-title\">\r\n\t\t\t\t\t<span  >\r\n\t\t\t\t\t\t\u0130nsan Kaynaklar\u0131 Mod\u00fcl\u00fc\t\t\t\t\t<\/span>\r\n\t\t\t\t<\/h3>\r\n\t\t\t\t\t\t\t\t\t<p class=\"elementor-icon-box-description\">\r\n\t\t\t\t\t\tDijital Ahtapot, ekibinizin \u00f6zl\u00fck bilgilerini bulut ortam\u0131nda kay\u0131t alt\u0131na al\u0131r. Sertifika, e\u011fitim ve lisanslar\u0131n\u0131 takip edebilirsiniz.\t\t\t\t\t<\/p>\r\n\t\t\t\t\t\t\t<\/div>\r\n\t\t\t\t\t<\/div>\r\n\t\t\t\t\t\t<\/div>\n\t\t\t\t<\/div>\n\t\t\t\t<\/div>\n\t\t<div class=\"elementor-element elementor-element-d9cba9b e-con-full e-flex e-con e-child\" data-id=\"d9cba9b\" data-element_type=\"container\">\n\t\t\t\t<div class=\"elementor-element elementor-element-9843954 elementor-view-default elementor-position-top iteck-icon-box-vertical-align-top elementor-widget elementor-widget-iteck-icon-box\" data-id=\"9843954\" data-element_type=\"widget\" data-widget_type=\"iteck-icon-box.default\">\n\t\t\t\t<div class=\"elementor-widget-container\">\n\t\t\t\t\t\t\t<div class=\"iteck-icon-box position-top elementor-icon-box-wrapper\">\r\n\t\t\t\t\t\t<div class=\"elementor-icon-box-icon\">\r\n\t\t\t\t<span class=\"elementor-icon elementor-animation-\" >\r\n\t\t\t\t\t\t\t\t\t\t\t\t<img decoding=\"async\" src=\"https:\/\/dijitalahtapot.com\/wp-content\/uploads\/2024\/08\/4.png\" alt=\"\">\r\n\t\t\t\t\t\t\t\t<\/span>\r\n\t\t\t<\/div>\r\n\t\t\t\t\t\t<div class=\"elementor-icon-box-content\">\r\n\t\t\t\t<h3 class=\"elementor-icon-box-title\">\r\n\t\t\t\t\t<span  >\r\n\t\t\t\t\t\tStok Mod\u00fcl\u00fc\t\t\t\t\t<\/span>\r\n\t\t\t\t<\/h3>\r\n\t\t\t\t\t\t\t\t\t<p class=\"elementor-icon-box-description\">\r\n\t\t\t\t\t\tGer\u00e7ekle\u015fen al\u0131\u015f\/sat\u0131\u015flar sonras\u0131nda stoklar\u0131n\u0131z otomatik g\u00fcncellenir ve stok hareketlerini inceleyerek \u00fcretim ve sat\u0131\u015f planlar\u0131n\u0131z\u0131 kolayl\u0131kla yapabilirsiniz.\t\t\t\t\t<\/p>\r\n\t\t\t\t\t\t\t<\/div>\r\n\t\t\t\t\t<\/div>\r\n\t\t\t\t\t\t<\/div>\n\t\t\t\t<\/div>\n\t\t\t\t<\/div>\n\t\t\t\t\t<\/div>\n\t\t\t\t<\/div>\n\t\t<div class=\"elementor-element elementor-element-4d17fde e-flex e-con-boxed e-con e-parent\" data-id=\"4d17fde\" data-element_type=\"container\">\n\t\t\t\t\t<div class=\"e-con-inner\">\n\t\t\t\t<div class=\"elementor-element elementor-element-483d823 elementor-widget-divider--view-line elementor-widget elementor-widget-divider\" data-id=\"483d823\" data-element_type=\"widget\" data-widget_type=\"divider.default\">\n\t\t\t\t<div class=\"elementor-widget-container\">\n\t\t\t\t\t\t\t<div class=\"elementor-divider\">\n\t\t\t<span class=\"elementor-divider-separator\">\n\t\t\t\t\t\t<\/span>\n\t\t<\/div>\n\t\t\t\t\t\t<\/div>\n\t\t\t\t<\/div>\n\t\t\t\t\t<\/div>\n\t\t\t\t<\/div>\n\t\t<div class=\"elementor-element elementor-element-aa9eb06 e-flex e-con-boxed e-con e-parent\" data-id=\"aa9eb06\" data-element_type=\"container\">\n\t\t\t\t\t<div class=\"e-con-inner\">\n\t\t\t\t<div class=\"elementor-element elementor-element-81cebd1 iteck-color elementor-widget elementor-widget-iteck-heading\" data-id=\"81cebd1\" data-element_type=\"widget\" data-widget_type=\"iteck-heading.default\">\n\t\t\t\t<div class=\"elementor-widget-container\">\n\t\t\t\t\t<h2 class=\"iteck-heading iteck-underline-color\">Bize Yaz\u0131n <span>Size Ula\u015fal\u0131m!<\/span><\/h2>\t\t\t\t<\/div>\n\t\t\t\t<\/div>\n\t\t\t\t<div class=\"elementor-element elementor-element-c935eb3 elementor-widget elementor-widget-wpforms\" data-id=\"c935eb3\" data-element_type=\"widget\" data-widget_type=\"wpforms.default\">\n\t\t\t\t<div class=\"elementor-widget-container\">\n\t\t\t\t\t<style id=\"wpforms-css-vars-root\">\n\t\t\t\t:root {\n\t\t\t\t\t--wpforms-field-border-radius: 3px;\n--wpforms-field-border-style: solid;\n--wpforms-field-border-size: 1px;\n--wpforms-field-background-color: #ffffff;\n--wpforms-field-border-color: rgba( 0, 0, 0, 0.25 );\n--wpforms-field-border-color-spare: rgba( 0, 0, 0, 0.25 );\n--wpforms-field-text-color: rgba( 0, 0, 0, 0.7 );\n--wpforms-field-menu-color: #ffffff;\n--wpforms-label-color: rgba( 0, 0, 0, 0.85 );\n--wpforms-label-sublabel-color: rgba( 0, 0, 0, 0.55 );\n--wpforms-label-error-color: #d63637;\n--wpforms-button-border-radius: 3px;\n--wpforms-button-border-style: none;\n--wpforms-button-border-size: 1px;\n--wpforms-button-background-color: #066aab;\n--wpforms-button-border-color: #066aab;\n--wpforms-button-text-color: #ffffff;\n--wpforms-page-break-color: #066aab;\n--wpforms-background-image: none;\n--wpforms-background-position: center center;\n--wpforms-background-repeat: no-repeat;\n--wpforms-background-size: cover;\n--wpforms-background-width: 100px;\n--wpforms-background-height: 100px;\n--wpforms-background-color: rgba( 0, 0, 0, 0 );\n--wpforms-background-url: none;\n--wpforms-container-padding: 0px;\n--wpforms-container-border-style: none;\n--wpforms-container-border-width: 1px;\n--wpforms-container-border-color: #000000;\n--wpforms-container-border-radius: 3px;\n--wpforms-field-size-input-height: 43px;\n--wpforms-field-size-input-spacing: 15px;\n--wpforms-field-size-font-size: 16px;\n--wpforms-field-size-line-height: 19px;\n--wpforms-field-size-padding-h: 14px;\n--wpforms-field-size-checkbox-size: 16px;\n--wpforms-field-size-sublabel-spacing: 5px;\n--wpforms-field-size-icon-size: 1;\n--wpforms-label-size-font-size: 16px;\n--wpforms-label-size-line-height: 19px;\n--wpforms-label-size-sublabel-font-size: 14px;\n--wpforms-label-size-sublabel-line-height: 17px;\n--wpforms-button-size-font-size: 17px;\n--wpforms-button-size-height: 41px;\n--wpforms-button-size-padding-h: 15px;\n--wpforms-button-size-margin-top: 10px;\n--wpforms-container-shadow-size-box-shadow: none;\n\n\t\t\t\t}\n\t\t\t<\/style><style id=\"wpforms-css-vars-elementor-widget-c935eb3\">\n\t\t\t\t.elementor-widget-wpforms.elementor-element-c935eb3 {\n\t\t\t\t\t--wpforms-field-size-input-height: 43px;\n--wpforms-field-size-input-spacing: 15px;\n--wpforms-field-size-font-size: 16px;\n--wpforms-field-size-line-height: 19px;\n--wpforms-field-size-padding-h: 14px;\n--wpforms-field-size-checkbox-size: 16px;\n--wpforms-field-size-sublabel-spacing: 5px;\n--wpforms-field-size-icon-size: 1;\n--wpforms-label-size-font-size: 16px;\n--wpforms-label-size-line-height: 19px;\n--wpforms-label-size-sublabel-font-size: 14px;\n--wpforms-label-size-sublabel-line-height: 17px;\n--wpforms-button-size-font-size: 17px;\n--wpforms-button-size-height: 41px;\n--wpforms-button-size-padding-h: 15px;\n--wpforms-button-size-margin-top: 10px;\n\n\t\t\t\t}\n\t\t\t<\/style><div class=\"wpforms-container wpforms-container-full wpforms-render-modern\" id=\"wpforms-2870\"><form id=\"wpforms-form-2870\" class=\"wpforms-validate wpforms-form wpforms-ajax-form\" data-formid=\"2870\" method=\"post\" enctype=\"multipart\/form-data\" action=\"\/index.php?rest_route=%2Fwp%2Fv2%2Fpages%2F2948\" data-token=\"6c7dd54dd6b86a742d16d85759d10d02\" data-token-time=\"1777289835\"><noscript class=\"wpforms-error-noscript\">Bu formu bitirebilmek i\u00e7in taray\u0131c\u0131n\u0131zda JavaScript&#039;i etkinle\u015ftirin.<\/noscript><div class=\"wpforms-hidden\" id=\"wpforms-error-noscript\">Bu formu bitirebilmek i\u00e7in taray\u0131c\u0131n\u0131zda JavaScript&#039;i etkinle\u015ftirin.<\/div><div class=\"wpforms-field-container\"><div id=\"wpforms-2870-field_1-container\" class=\"wpforms-field wpforms-field-name\" data-field-id=\"1\"><fieldset><legend class=\"wpforms-field-label\">Ad\u0131n\u0131z Soyad\u0131n\u0131z <span class=\"wpforms-required-label\" aria-hidden=\"true\">*<\/span><\/legend><div class=\"wpforms-field-row wpforms-field-medium\"><div class=\"wpforms-field-row-block wpforms-first wpforms-one-half\"><input type=\"text\" id=\"wpforms-2870-field_1\" class=\"wpforms-field-name-first wpforms-field-required\" name=\"wpforms[fields][1][first]\" aria-errormessage=\"wpforms-2870-field_1-error\" aria-describedby=\"wpforms-2870-field_1-description\" required><label for=\"wpforms-2870-field_1\" class=\"wpforms-field-sublabel after\">Ad<\/label><\/div><div class=\"wpforms-field-row-block wpforms-one-half\"><input type=\"text\" id=\"wpforms-2870-field_1-last\" class=\"wpforms-field-name-last wpforms-field-required\" name=\"wpforms[fields][1][last]\" aria-errormessage=\"wpforms-2870-field_1-last-error\" aria-describedby=\"wpforms-2870-field_1-description\" required><label for=\"wpforms-2870-field_1-last\" class=\"wpforms-field-sublabel after\">Soyad<\/label><\/div><\/div><div id=\"wpforms-2870-field_1-description\" class=\"wpforms-field-description\">Bu alan\u0131 doldurmak zorunludur.<\/div><\/fieldset><\/div><div id=\"wpforms-2870-field_3-container\" class=\"wpforms-field wpforms-field-email\" data-field-id=\"3\"><label class=\"wpforms-field-label\" for=\"wpforms-2870-field_3\">E-posta <span class=\"wpforms-required-label\" aria-hidden=\"true\">*<\/span><\/label><input type=\"email\" id=\"wpforms-2870-field_3\" class=\"wpforms-field-medium wpforms-field-required\" name=\"wpforms[fields][3]\" spellcheck=\"false\" aria-errormessage=\"wpforms-2870-field_3-error\" aria-describedby=\"wpforms-2870-field_3-description\" required><div id=\"wpforms-2870-field_3-description\" class=\"wpforms-field-description\">Bu alan\u0131 doldurmak zornludur.<\/div><\/div><div id=\"wpforms-2870-field_8-container\" class=\"wpforms-field wpforms-field-text\" data-field-id=\"8\"><label class=\"wpforms-field-label\" for=\"wpforms-2870-field_8\">Telefon <span class=\"wpforms-required-label\" aria-hidden=\"true\">*<\/span><\/label><input type=\"text\" id=\"wpforms-2870-field_8\" class=\"wpforms-field-medium wpforms-field-required\" name=\"wpforms[fields][8]\" aria-errormessage=\"wpforms-2870-field_8-error\" aria-describedby=\"wpforms-2870-field_8-description\" required><div id=\"wpforms-2870-field_8-description\" class=\"wpforms-field-description\">Bu alan\u0131 doldurmak zorunludur.<\/div><\/div><div id=\"wpforms-2870-field_6-container\" class=\"wpforms-field wpforms-field-textarea\" data-field-id=\"6\"><label class=\"wpforms-field-label\" for=\"wpforms-2870-field_6\">Mesaj\u0131n\u0131z <span class=\"wpforms-required-label\" aria-hidden=\"true\">*<\/span><\/label><textarea id=\"wpforms-2870-field_6\" class=\"wpforms-field-medium wpforms-field-required wpforms-limit-characters-enabled\" data-form-id=\"2870\" data-field-id=\"6\" data-text-limit=\"1000\" name=\"wpforms[fields][6]\" aria-errormessage=\"wpforms-2870-field_6-error\" aria-describedby=\"wpforms-2870-field_6-description\" maxlength=\"1000\" required><\/textarea><div id=\"wpforms-2870-field_6-description\" class=\"wpforms-field-description\">Bu alan\u0131 doldurmak zorunludur<\/div><\/div><\/div><!-- .wpforms-field-container --><div class=\"wpforms-submit-container\" ><input type=\"hidden\" name=\"wpforms[id]\" value=\"2870\"><input type=\"hidden\" name=\"page_title\" value=\"\"><input type=\"hidden\" name=\"page_url\" value=\"https:\/\/dijitalahtapot.com\/index.php?rest_route=%2Fwp%2Fv2%2Fpages%2F2948\"><button type=\"submit\" name=\"wpforms[submit]\" id=\"wpforms-submit-2870\" class=\"wpforms-submit\" data-alt-text=\"G\u00f6nderiliyor...\" data-submit-text=\"G\u00f6nder\" aria-live=\"assertive\" value=\"wpforms-submit\">G\u00f6nder<\/button><img decoding=\"async\" src=\"https:\/\/dijitalahtapot.com\/wp-content\/plugins\/wpforms-lite\/assets\/images\/submit-spin.svg\" class=\"wpforms-submit-spinner\" style=\"display: none;\" width=\"26\" height=\"26\" alt=\"Y\u00fckleniyor\"><\/div><\/form><\/div>  <!-- .wpforms-container -->\t\t\t\t<\/div>\n\t\t\t\t<\/div>\n\t\t\t\t\t<\/div>\n\t\t\t\t<\/div>\n\t\t<div class=\"elementor-element elementor-element-cd6c945 e-flex e-con-boxed e-con e-parent\" data-id=\"cd6c945\" data-element_type=\"container\">\n\t\t\t\t\t<div class=\"e-con-inner\">\n\t\t\t\t\t<\/div>\n\t\t\t\t<\/div>\n\t\t\t\t<\/div>\n\t\t","protected":false},"excerpt":{"rendered":"<p>\u00dcr\u00fcnler Bayi Y\u00f6netim Mod\u00fcl\u00fc Dijital Ahtapot, Bayi Y\u00f6netim Otomasyonu ile KOB\u0130&#8217;lerimizin yan\u0131nda! Stok ve sipari\u015f y\u00f6netiminden bayi ileti\u015fimine kadar bayilerinizle olan t\u00fcm operasyonlar\u0131n\u0131z\u0131 Dijital Ahtapot yard\u0131m\u0131yla y\u00f6netebilirsiniz. Bayilerinize ve size zaman kazand\u0131r\u0131r , verimlili\u011finizi artt\u0131r\u0131r. M\u00fc\u015fteri \u0130li\u015fkileri Mod\u00fcl\u00fc (CRM) F\u0131rsat ve m\u00fc\u015fteri ileti\u015fimlerinizi Dijital Ahtapot ile kay\u0131t alt\u0131na al\u0131n. M\u00fc\u015fteri ve tedarik\u00e7ilerinizle her zaman yak\u0131n olun. Firman\u0131z hakk\u0131ndaki geli\u015fmeleri h\u0131zl\u0131ca &hellip;<\/p>\n","protected":false},"author":1,"featured_media":0,"parent":0,"menu_order":0,"comment_status":"closed","ping_status":"closed","template":"iteck-builder.php","meta":{"footnotes":""},"_links":{"self":[{"href":"https:\/\/dijitalahtapot.com\/index.php?rest_route=\/wp\/v2\/pages\/2948"}],"collection":[{"href":"https:\/\/dijitalahtapot.com\/index.php?rest_route=\/wp\/v2\/pages"}],"about":[{"href":"https:\/\/dijitalahtapot.com\/index.php?rest_route=\/wp\/v2\/types\/page"}],"author":[{"embeddable":true,"href":"https:\/\/dijitalahtapot.com\/index.php?rest_route=\/wp\/v2\/users\/1"}],"replies":[{"embeddable":true,"href":"https:\/\/dijitalahtapot.com\/index.php?rest_route=%2Fwp%2Fv2%2Fcomments&post=2948"}],"version-history":[{"count":43,"href":"https:\/\/dijitalahtapot.com\/index.php?rest_route=\/wp\/v2\/pages\/2948\/revisions"}],"predecessor-version":[{"id":3426,"href":"https:\/\/dijitalahtapot.com\/index.php?rest_route=\/wp\/v2\/pages\/2948\/revisions\/3426"}],"wp:attachment":[{"href":"https:\/\/dijitalahtapot.com\/index.php?rest_route=%2Fwp%2Fv2%2Fmedia&parent=2948"}],"curies":[{"name":"wp","href":"https:\/\/api.w.org\/{rel}","templated":true}]}}