{"id":3387,"date":"2024-09-12T11:35:09","date_gmt":"2024-09-12T08:35:09","guid":{"rendered":"https:\/\/dijitalahtapot.com\/?page_id=3387"},"modified":"2024-09-15T15:35:40","modified_gmt":"2024-09-15T12:35:40","slug":"zxfcgvhbjn","status":"publish","type":"page","link":"https:\/\/dijitalahtapot.com\/?page_id=3387","title":{"rendered":"Sekt\u00f6rel \u00c7\u00f6z\u00fcmler"},"content":{"rendered":"\t\t<div data-elementor-type=\"wp-page\" data-elementor-id=\"3387\" class=\"elementor elementor-3387\">\n\t\t\t\t<div class=\"elementor-element elementor-element-9482b48 e-flex e-con-boxed e-con e-parent\" data-id=\"9482b48\" data-element_type=\"container\">\n\t\t\t\t\t<div class=\"e-con-inner\">\n\t\t<div class=\"elementor-element elementor-element-a9e7abf e-con-full e-flex e-con e-child\" data-id=\"a9e7abf\" data-element_type=\"container\">\n\t\t\t\t<div class=\"elementor-element elementor-element-b1facca elementor-widget elementor-widget-heading\" data-id=\"b1facca\" data-element_type=\"widget\" data-widget_type=\"heading.default\">\n\t\t\t\t<div class=\"elementor-widget-container\">\n\t\t\t\t\t<h2 class=\"elementor-heading-title elementor-size-default\"><h2 data-elementor-setting-key=\"title\" data-pen-placeholder=\"Buraya Yaz\u0131n...\" style=\"font-weight: 700;line-height: 1.4em;font-size: 45px;text-align: center\">Sekt\u00f6rel <span>\u00c7\u00f6z\u00fcmler<\/span><\/h2><\/h2>\t\t\t\t<\/div>\n\t\t\t\t<\/div>\n\t\t\t\t<\/div>\n\t\t\t\t\t<\/div>\n\t\t\t\t<\/div>\n\t\t<div class=\"elementor-element elementor-element-7a8ad9f e-flex e-con-boxed e-con e-parent\" data-id=\"7a8ad9f\" data-element_type=\"container\">\n\t\t\t\t\t<div class=\"e-con-inner\">\n\t\t<div class=\"elementor-element elementor-element-c076f63 e-con-full e-flex e-con e-child\" data-id=\"c076f63\" data-element_type=\"container\">\n\t\t\t\t<div class=\"elementor-element elementor-element-0e9fe9d elementor-position-top elementor-widget elementor-widget-image-box\" data-id=\"0e9fe9d\" data-element_type=\"widget\" data-widget_type=\"image-box.default\">\n\t\t\t\t<div class=\"elementor-widget-container\">\n\t\t\t\t\t<div class=\"elementor-image-box-wrapper\"><figure class=\"elementor-image-box-img\"><img fetchpriority=\"high\" decoding=\"async\" width=\"2160\" height=\"2160\" src=\"https:\/\/dijitalahtapot.com\/wp-content\/uploads\/2024\/09\/12-1.png\" class=\"attachment-full size-full wp-image-3439\" alt=\"\" \/><\/figure><div class=\"elementor-image-box-content\"><h4 class=\"elementor-image-box-title\">Mevcut Verilerinizi Kullan\u0131n<\/h4><p class=\"elementor-image-box-description\">Mevcut verilerinizi Dijital Ahtapot'un esnek yap\u0131s\u0131 ile kullanmak i\u00e7in bizimle irtibata ge\u00e7ebilirsiniz. Verileriniz i\u00e7in haz\u0131rlad\u0131\u011f\u0131m\u0131z formu doldurabilirsiniz. Bu a\u015famada ekibimiz size destek olacakt\u0131r.<\/p><\/div><\/div>\t\t\t\t<\/div>\n\t\t\t\t<\/div>\n\t\t\t\t<\/div>\n\t\t<div class=\"elementor-element elementor-element-67a2fbb e-con-full e-flex e-con e-child\" data-id=\"67a2fbb\" data-element_type=\"container\">\n\t\t\t\t<div class=\"elementor-element elementor-element-d6eba89 elementor-position-top elementor-widget elementor-widget-image-box\" data-id=\"d6eba89\" data-element_type=\"widget\" data-widget_type=\"image-box.default\">\n\t\t\t\t<div class=\"elementor-widget-container\">\n\t\t\t\t\t<div class=\"elementor-image-box-wrapper\"><figure class=\"elementor-image-box-img\"><img decoding=\"async\" width=\"2160\" height=\"2160\" src=\"https:\/\/dijitalahtapot.com\/wp-content\/uploads\/2024\/09\/9.png\" class=\"attachment-full size-full wp-image-3437\" alt=\"\" \/><\/figure><div class=\"elementor-image-box-content\"><h4 class=\"elementor-image-box-title\">\u0130HA Sertifika Sorgulama<\/h4><p class=\"elementor-image-box-description\">Milli E\u011fitim Bakanl\u0131\u011f\u0131 kapsam\u0131nda \u00f6zel \u0130HA pilotu yeti\u015ftirme e\u011fitim kurulu\u015flar\u0131 ve 2547 say\u0131l\u0131 Y\u00fcksek \u00d6\u011fretim Kanunu kapsam\u0131nda kurulmu\u015f ve yetkilendirilmi\u015f \u0130HA e\u011fitim kurulu\u015flar\u0131na y\u00f6nelik haz\u0131rlanm\u0131\u015f olan \u0130HA Sertifika Sorgulama Mod\u00fcl\u00fcn\u00fc Dijital Ahtapot altyap\u0131s\u0131 ile hemen kullanmaya ba\u015flayabilirsiniz!<\/p><\/div><\/div>\t\t\t\t<\/div>\n\t\t\t\t<\/div>\n\t\t\t\t<\/div>\n\t\t<div class=\"elementor-element elementor-element-0ccbf15 e-con-full e-flex e-con e-child\" data-id=\"0ccbf15\" data-element_type=\"container\">\n\t\t\t\t<div class=\"elementor-element elementor-element-2018594 elementor-position-top elementor-widget elementor-widget-image-box\" data-id=\"2018594\" data-element_type=\"widget\" data-widget_type=\"image-box.default\">\n\t\t\t\t<div class=\"elementor-widget-container\">\n\t\t\t\t\t<div class=\"elementor-image-box-wrapper\"><figure class=\"elementor-image-box-img\"><img decoding=\"async\" width=\"2160\" height=\"2160\" src=\"https:\/\/dijitalahtapot.com\/wp-content\/uploads\/2024\/09\/14-1.png\" class=\"attachment-full size-full wp-image-3441\" alt=\"\" \/><\/figure><div class=\"elementor-image-box-content\"><h4 class=\"elementor-image-box-title\">Kurumsal Kaynak Planlamas\u0131(ERP)<\/h4><p class=\"elementor-image-box-description\">\u00dcretim, sat\u0131\u015f, stok ve depo gibi kurumsal bilgilerinizi bulut tabanl\u0131 Dijital Ahtapot ile saklayabilir ve g\u00fcncelleyebilirsiniz. G\u00fcncel bilgilerle i\u015flerinizi kolayca y\u00f6netir ve b\u00fcy\u00fctebilirsiniz. \u0130\u015flerinizi b\u00fcy\u00fctmek i\u00e7in Dijital Ahtapot her zaman yan\u0131n\u0131zda, bize ihtiyac\u0131n\u0131z\u0131 anlat\u0131n sizi \u00e7\u00f6z\u00fcmlerimizle tan\u0131\u015ft\u0131ral\u0131m.<\/p><\/div><\/div>\t\t\t\t<\/div>\n\t\t\t\t<\/div>\n\t\t\t\t<\/div>\n\t\t\t\t\t<\/div>\n\t\t\t\t<\/div>\n\t\t<div class=\"elementor-element elementor-element-ba2ff1a e-con-full e-flex e-con e-parent\" data-id=\"ba2ff1a\" data-element_type=\"container\">\n\t\t<div class=\"elementor-element elementor-element-91b56e4 e-con-full e-flex e-con e-child\" data-id=\"91b56e4\" data-element_type=\"container\">\n\t\t\t\t<div class=\"elementor-element elementor-element-eb7e05c elementor-position-top elementor-widget elementor-widget-image-box\" data-id=\"eb7e05c\" data-element_type=\"widget\" data-widget_type=\"image-box.default\">\n\t\t\t\t<div class=\"elementor-widget-container\">\n\t\t\t\t\t<div class=\"elementor-image-box-wrapper\"><figure class=\"elementor-image-box-img\"><img loading=\"lazy\" decoding=\"async\" width=\"2160\" height=\"2160\" src=\"https:\/\/dijitalahtapot.com\/wp-content\/uploads\/2024\/09\/10.png\" class=\"attachment-full size-full wp-image-3438\" alt=\"\" \/><\/figure><div class=\"elementor-image-box-content\"><h4 class=\"elementor-image-box-title\">Emlak Otomasyonu<\/h4><p class=\"elementor-image-box-description\">Emlak\u00e7\u0131lar\u0131n i\u015fini kolayla\u015ft\u0131racak bu mod\u00fcl ile m\u00fc\u015fteri ve portf\u00f6yleri kay\u0131t alt\u0131na alarak, Yer G\u00f6sterme Belgesi, Kira Kontrat\u0131 ve Cayme Ak\u00e7esi kolayl\u0131kla haz\u0131rlanabilir. Emlak\u00e7\u0131n\u0131n m\u00fc\u015fterilerine ve portf\u00f6ylerine odaklanmalar\u0131na destek veren Emlak Mod\u00fcl\u00fc ile i\u015finizi y\u00f6netin ve b\u00fcy\u00fct\u00fcn.<\/p><\/div><\/div>\t\t\t\t<\/div>\n\t\t\t\t<\/div>\n\t\t\t\t<\/div>\n\t\t<div class=\"elementor-element elementor-element-e28c9d9 e-con-full e-flex e-con e-child\" data-id=\"e28c9d9\" data-element_type=\"container\">\n\t\t\t\t<div class=\"elementor-element elementor-element-d0d6b94 elementor-position-top elementor-widget elementor-widget-image-box\" data-id=\"d0d6b94\" data-element_type=\"widget\" data-widget_type=\"image-box.default\">\n\t\t\t\t<div class=\"elementor-widget-container\">\n\t\t\t\t\t<div class=\"elementor-image-box-wrapper\"><figure class=\"elementor-image-box-img\"><img loading=\"lazy\" decoding=\"async\" width=\"2160\" height=\"2160\" src=\"https:\/\/dijitalahtapot.com\/wp-content\/uploads\/2024\/09\/13.png\" class=\"attachment-full size-full wp-image-3440\" alt=\"\" \/><\/figure><div class=\"elementor-image-box-content\"><h4 class=\"elementor-image-box-title\">Bayi Y\u00f6netim Otomasyon<\/h4><p class=\"elementor-image-box-description\">Dijital Ahtapot, Bayi Y\u00f6netim Otomasyonu ile KOB\u0130'lerimizin yan\u0131nda! Stok ve sipari\u015f y\u00f6netiminden bayi ileti\u015fimine kadar bayilerinizle olan t\u00fcm operasyonlar\u0131n\u0131z\u0131 Dijital Ahtapot yard\u0131m\u0131yla y\u00f6netebilirsiniz. Bayilerinize ve size zaman kazand\u0131r\u0131r , verimlili\u011finizi artt\u0131r\u0131r.<\/p><\/div><\/div>\t\t\t\t<\/div>\n\t\t\t\t<\/div>\n\t\t\t\t<\/div>\n\t\t\t\t<\/div>\n\t\t<div class=\"elementor-element elementor-element-b7ba658 e-flex e-con-boxed e-con e-parent\" data-id=\"b7ba658\" data-element_type=\"container\">\n\t\t\t\t\t<div class=\"e-con-inner\">\n\t\t<div class=\"elementor-element elementor-element-dd954d1 e-con-full e-flex e-con e-child\" data-id=\"dd954d1\" data-element_type=\"container\">\n\t\t\t\t<div class=\"elementor-element elementor-element-48c6c9e elementor-position-top elementor-widget elementor-widget-image-box\" data-id=\"48c6c9e\" data-element_type=\"widget\" data-widget_type=\"image-box.default\">\n\t\t\t\t<div class=\"elementor-widget-container\">\n\t\t\t\t\t<div class=\"elementor-image-box-wrapper\"><figure class=\"elementor-image-box-img\"><img loading=\"lazy\" decoding=\"async\" width=\"2160\" height=\"2160\" src=\"https:\/\/dijitalahtapot.com\/wp-content\/uploads\/2024\/09\/8.png\" class=\"attachment-full size-full wp-image-3436\" alt=\"\" \/><\/figure><div class=\"elementor-image-box-content\"><h4 class=\"elementor-image-box-title\">\u00dcretim Planlama (R\u00c7T)<\/h4><p class=\"elementor-image-box-description\">Hammadde ve yar\u0131 mamulden \u00fcr\u00fcne giden s\u00fcreci re\u00e7ete ile tan\u0131mlay\u0131p, \u00fcretim maliyet ve s\u00fcre\u00e7lerini izleyebilirsiniz. \u00dcretim i\u00e7in ihtiya\u00e7 olan verilere an\u0131nda ula\u015farak sa\u011fl\u0131kl\u0131 \u00fcretim plan\u0131 olu\u015fturabilirsiniz.<\/p><\/div><\/div>\t\t\t\t<\/div>\n\t\t\t\t<\/div>\n\t\t\t\t<\/div>\n\t\t<div class=\"elementor-element elementor-element-54812a7 e-con-full e-flex e-con e-child\" data-id=\"54812a7\" data-element_type=\"container\">\n\t\t\t\t<div class=\"elementor-element elementor-element-18a3f46 elementor-position-top elementor-widget elementor-widget-image-box\" data-id=\"18a3f46\" data-element_type=\"widget\" data-widget_type=\"image-box.default\">\n\t\t\t\t<div class=\"elementor-widget-container\">\n\t\t\t\t\t<div class=\"elementor-image-box-wrapper\"><figure class=\"elementor-image-box-img\"><img loading=\"lazy\" decoding=\"async\" width=\"2160\" height=\"2160\" src=\"https:\/\/dijitalahtapot.com\/wp-content\/uploads\/2024\/09\/Untitled-2160-x-2160-px.png\" class=\"attachment-full size-full wp-image-3462\" alt=\"\" \/><\/figure><div class=\"elementor-image-box-content\"><h4 class=\"elementor-image-box-title\">Size \u00d6zel \u00c7\u00f6z\u00fcmler<\/h4><p class=\"elementor-image-box-description\">\u015eirketinizin ihtiyac\u0131 olan yaz\u0131l\u0131m\u0131 tan\u0131mlayan , birlikte \u00e7al\u0131\u015farak size \u00f6zel \u00e7\u00f6z\u00fcm\u00fcm\u00fcz\u00fc Dijital Ahtapot altyap\u0131s\u0131 ile hemen kullanmaya ba\u015flay\u0131n. \u00c7\u00f6z\u00fcm\u00fc ekibimize anlat\u0131n ve birlikte uygulamaya ge\u00e7irelim. Tasar\u0131m, uygulamam ve i\u015fletme a\u015famalar\u0131nda yan\u0131n\u0131zday\u0131z. Destek bizden i\u015fi b\u00fcy\u00fctmek sizden!<\/p><\/div><\/div>\t\t\t\t<\/div>\n\t\t\t\t<\/div>\n\t\t\t\t<\/div>\n\t\t\t\t\t<\/div>\n\t\t\t\t<\/div>\n\t\t<div class=\"elementor-element elementor-element-a823f3d e-flex e-con-boxed e-con e-parent\" data-id=\"a823f3d\" data-element_type=\"container\">\n\t\t\t\t\t<div class=\"e-con-inner\">\n\t\t\t\t<div class=\"elementor-element elementor-element-85e55e2 elementor-widget elementor-widget-heading\" data-id=\"85e55e2\" data-element_type=\"widget\" data-widget_type=\"heading.default\">\n\t\t\t\t<div class=\"elementor-widget-container\">\n\t\t\t\t\t<h2 class=\"elementor-heading-title elementor-size-default\"><h2 data-elementor-setting-key=\"title\" data-pen-placeholder=\"Buraya Yaz\u0131n...\"><\/h2><h2 data-elementor-setting-key=\"title\" data-pen-placeholder=\"Buraya Yaz\u0131n...\" style=\"font-weight: 700;line-height: 1.4em;font-size: 45px;text-align: center\">Bize <span>Ula\u015f\u0131n<\/span><\/h2><\/h2>\t\t\t\t<\/div>\n\t\t\t\t<\/div>\n\t\t\t\t\t<\/div>\n\t\t\t\t<\/div>\n\t\t<div class=\"elementor-element elementor-element-0589dc8 e-flex e-con-boxed e-con e-parent\" data-id=\"0589dc8\" data-element_type=\"container\">\n\t\t\t\t\t<div class=\"e-con-inner\">\n\t\t\t\t<div class=\"elementor-element elementor-element-0b4db11 elementor-widget elementor-widget-wpforms\" data-id=\"0b4db11\" data-element_type=\"widget\" data-widget_type=\"wpforms.default\">\n\t\t\t\t<div class=\"elementor-widget-container\">\n\t\t\t\t\t<style id=\"wpforms-css-vars-root\">\n\t\t\t\t:root {\n\t\t\t\t\t--wpforms-field-border-radius: 3px;\n--wpforms-field-border-style: solid;\n--wpforms-field-border-size: 1px;\n--wpforms-field-background-color: #ffffff;\n--wpforms-field-border-color: rgba( 0, 0, 0, 0.25 );\n--wpforms-field-border-color-spare: rgba( 0, 0, 0, 0.25 );\n--wpforms-field-text-color: rgba( 0, 0, 0, 0.7 );\n--wpforms-field-menu-color: #ffffff;\n--wpforms-label-color: rgba( 0, 0, 0, 0.85 );\n--wpforms-label-sublabel-color: rgba( 0, 0, 0, 0.55 );\n--wpforms-label-error-color: #d63637;\n--wpforms-button-border-radius: 3px;\n--wpforms-button-border-style: none;\n--wpforms-button-border-size: 1px;\n--wpforms-button-background-color: #066aab;\n--wpforms-button-border-color: #066aab;\n--wpforms-button-text-color: #ffffff;\n--wpforms-page-break-color: #066aab;\n--wpforms-background-image: none;\n--wpforms-background-position: center center;\n--wpforms-background-repeat: no-repeat;\n--wpforms-background-size: cover;\n--wpforms-background-width: 100px;\n--wpforms-background-height: 100px;\n--wpforms-background-color: rgba( 0, 0, 0, 0 );\n--wpforms-background-url: none;\n--wpforms-container-padding: 0px;\n--wpforms-container-border-style: none;\n--wpforms-container-border-width: 1px;\n--wpforms-container-border-color: #000000;\n--wpforms-container-border-radius: 3px;\n--wpforms-field-size-input-height: 43px;\n--wpforms-field-size-input-spacing: 15px;\n--wpforms-field-size-font-size: 16px;\n--wpforms-field-size-line-height: 19px;\n--wpforms-field-size-padding-h: 14px;\n--wpforms-field-size-checkbox-size: 16px;\n--wpforms-field-size-sublabel-spacing: 5px;\n--wpforms-field-size-icon-size: 1;\n--wpforms-label-size-font-size: 16px;\n--wpforms-label-size-line-height: 19px;\n--wpforms-label-size-sublabel-font-size: 14px;\n--wpforms-label-size-sublabel-line-height: 17px;\n--wpforms-button-size-font-size: 17px;\n--wpforms-button-size-height: 41px;\n--wpforms-button-size-padding-h: 15px;\n--wpforms-button-size-margin-top: 10px;\n--wpforms-container-shadow-size-box-shadow: none;\n\n\t\t\t\t}\n\t\t\t<\/style><style id=\"wpforms-css-vars-elementor-widget-0b4db11\">\n\t\t\t\t.elementor-widget-wpforms.elementor-element-0b4db11 {\n\t\t\t\t\t--wpforms-field-size-input-height: 43px;\n--wpforms-field-size-input-spacing: 15px;\n--wpforms-field-size-font-size: 16px;\n--wpforms-field-size-line-height: 19px;\n--wpforms-field-size-padding-h: 14px;\n--wpforms-field-size-checkbox-size: 16px;\n--wpforms-field-size-sublabel-spacing: 5px;\n--wpforms-field-size-icon-size: 1;\n--wpforms-label-size-font-size: 16px;\n--wpforms-label-size-line-height: 19px;\n--wpforms-label-size-sublabel-font-size: 14px;\n--wpforms-label-size-sublabel-line-height: 17px;\n--wpforms-button-size-font-size: 17px;\n--wpforms-button-size-height: 41px;\n--wpforms-button-size-padding-h: 15px;\n--wpforms-button-size-margin-top: 10px;\n\n\t\t\t\t}\n\t\t\t<\/style><div class=\"wpforms-container wpforms-container-full wpforms-render-modern\" id=\"wpforms-2870\"><form id=\"wpforms-form-2870\" class=\"wpforms-validate wpforms-form wpforms-ajax-form\" data-formid=\"2870\" method=\"post\" enctype=\"multipart\/form-data\" action=\"\/index.php?rest_route=%2Fwp%2Fv2%2Fpages%2F3387\" data-token=\"6c7dd54dd6b86a742d16d85759d10d02\" data-token-time=\"1777289194\"><noscript class=\"wpforms-error-noscript\">Bu formu bitirebilmek i\u00e7in taray\u0131c\u0131n\u0131zda JavaScript&#039;i etkinle\u015ftirin.<\/noscript><div class=\"wpforms-hidden\" id=\"wpforms-error-noscript\">Bu formu bitirebilmek i\u00e7in taray\u0131c\u0131n\u0131zda JavaScript&#039;i etkinle\u015ftirin.<\/div><div class=\"wpforms-field-container\"><div id=\"wpforms-2870-field_1-container\" class=\"wpforms-field wpforms-field-name\" data-field-id=\"1\"><fieldset><legend class=\"wpforms-field-label\">Ad\u0131n\u0131z Soyad\u0131n\u0131z <span class=\"wpforms-required-label\" aria-hidden=\"true\">*<\/span><\/legend><div class=\"wpforms-field-row wpforms-field-medium\"><div class=\"wpforms-field-row-block wpforms-first wpforms-one-half\"><input type=\"text\" id=\"wpforms-2870-field_1\" class=\"wpforms-field-name-first wpforms-field-required\" name=\"wpforms[fields][1][first]\" aria-errormessage=\"wpforms-2870-field_1-error\" aria-describedby=\"wpforms-2870-field_1-description\" required><label for=\"wpforms-2870-field_1\" class=\"wpforms-field-sublabel after\">Ad<\/label><\/div><div class=\"wpforms-field-row-block wpforms-one-half\"><input type=\"text\" id=\"wpforms-2870-field_1-last\" class=\"wpforms-field-name-last wpforms-field-required\" name=\"wpforms[fields][1][last]\" aria-errormessage=\"wpforms-2870-field_1-last-error\" aria-describedby=\"wpforms-2870-field_1-description\" required><label for=\"wpforms-2870-field_1-last\" class=\"wpforms-field-sublabel after\">Soyad<\/label><\/div><\/div><div id=\"wpforms-2870-field_1-description\" class=\"wpforms-field-description\">Bu alan\u0131 doldurmak zorunludur.<\/div><\/fieldset><\/div><div id=\"wpforms-2870-field_3-container\" class=\"wpforms-field wpforms-field-email\" data-field-id=\"3\"><label class=\"wpforms-field-label\" for=\"wpforms-2870-field_3\">E-posta <span class=\"wpforms-required-label\" aria-hidden=\"true\">*<\/span><\/label><input type=\"email\" id=\"wpforms-2870-field_3\" class=\"wpforms-field-medium wpforms-field-required\" name=\"wpforms[fields][3]\" spellcheck=\"false\" aria-errormessage=\"wpforms-2870-field_3-error\" aria-describedby=\"wpforms-2870-field_3-description\" required><div id=\"wpforms-2870-field_3-description\" class=\"wpforms-field-description\">Bu alan\u0131 doldurmak zornludur.<\/div><\/div><div id=\"wpforms-2870-field_8-container\" class=\"wpforms-field wpforms-field-text\" data-field-id=\"8\"><label class=\"wpforms-field-label\" for=\"wpforms-2870-field_8\">Telefon <span class=\"wpforms-required-label\" aria-hidden=\"true\">*<\/span><\/label><input type=\"text\" id=\"wpforms-2870-field_8\" class=\"wpforms-field-medium wpforms-field-required\" name=\"wpforms[fields][8]\" aria-errormessage=\"wpforms-2870-field_8-error\" aria-describedby=\"wpforms-2870-field_8-description\" required><div id=\"wpforms-2870-field_8-description\" class=\"wpforms-field-description\">Bu alan\u0131 doldurmak zorunludur.<\/div><\/div><div id=\"wpforms-2870-field_6-container\" class=\"wpforms-field wpforms-field-textarea\" data-field-id=\"6\"><label class=\"wpforms-field-label\" for=\"wpforms-2870-field_6\">Mesaj\u0131n\u0131z <span class=\"wpforms-required-label\" aria-hidden=\"true\">*<\/span><\/label><textarea id=\"wpforms-2870-field_6\" class=\"wpforms-field-medium wpforms-field-required wpforms-limit-characters-enabled\" data-form-id=\"2870\" data-field-id=\"6\" data-text-limit=\"1000\" name=\"wpforms[fields][6]\" aria-errormessage=\"wpforms-2870-field_6-error\" aria-describedby=\"wpforms-2870-field_6-description\" maxlength=\"1000\" required><\/textarea><div id=\"wpforms-2870-field_6-description\" class=\"wpforms-field-description\">Bu alan\u0131 doldurmak zorunludur<\/div><\/div><\/div><!-- .wpforms-field-container --><div class=\"wpforms-submit-container\" ><input type=\"hidden\" name=\"wpforms[id]\" value=\"2870\"><input type=\"hidden\" name=\"page_title\" value=\"\"><input type=\"hidden\" name=\"page_url\" value=\"https:\/\/dijitalahtapot.com\/index.php?rest_route=%2Fwp%2Fv2%2Fpages%2F3387\"><button type=\"submit\" name=\"wpforms[submit]\" id=\"wpforms-submit-2870\" class=\"wpforms-submit\" data-alt-text=\"G\u00f6nderiliyor...\" data-submit-text=\"G\u00f6nder\" aria-live=\"assertive\" value=\"wpforms-submit\">G\u00f6nder<\/button><img loading=\"lazy\" decoding=\"async\" src=\"https:\/\/dijitalahtapot.com\/wp-content\/plugins\/wpforms-lite\/assets\/images\/submit-spin.svg\" class=\"wpforms-submit-spinner\" style=\"display: none;\" width=\"26\" height=\"26\" alt=\"Y\u00fckleniyor\"><\/div><\/form><\/div>  <!-- .wpforms-container -->\t\t\t\t<\/div>\n\t\t\t\t<\/div>\n\t\t\t\t\t<\/div>\n\t\t\t\t<\/div>\n\t\t\t\t<\/div>\n\t\t","protected":false},"excerpt":{"rendered":"<p>Sekt\u00f6rel \u00c7\u00f6z\u00fcmler Mevcut Verilerinizi Kullan\u0131n Mevcut verilerinizi Dijital Ahtapot&#8217;un esnek yap\u0131s\u0131 ile kullanmak i\u00e7in bizimle irtibata ge\u00e7ebilirsiniz. Verileriniz i\u00e7in haz\u0131rlad\u0131\u011f\u0131m\u0131z formu doldurabilirsiniz. Bu a\u015famada ekibimiz size destek olacakt\u0131r. \u0130HA Sertifika Sorgulama Milli E\u011fitim Bakanl\u0131\u011f\u0131 kapsam\u0131nda \u00f6zel \u0130HA pilotu yeti\u015ftirme e\u011fitim kurulu\u015flar\u0131 ve 2547 say\u0131l\u0131 Y\u00fcksek \u00d6\u011fretim Kanunu kapsam\u0131nda kurulmu\u015f ve yetkilendirilmi\u015f \u0130HA e\u011fitim kurulu\u015flar\u0131na y\u00f6nelik haz\u0131rlanm\u0131\u015f olan \u0130HA Sertifika Sorgulama &hellip;<\/p>\n","protected":false},"author":1,"featured_media":0,"parent":0,"menu_order":0,"comment_status":"closed","ping_status":"closed","template":"iteck-builder.php","meta":{"footnotes":""},"_links":{"self":[{"href":"https:\/\/dijitalahtapot.com\/index.php?rest_route=\/wp\/v2\/pages\/3387"}],"collection":[{"href":"https:\/\/dijitalahtapot.com\/index.php?rest_route=\/wp\/v2\/pages"}],"about":[{"href":"https:\/\/dijitalahtapot.com\/index.php?rest_route=\/wp\/v2\/types\/page"}],"author":[{"embeddable":true,"href":"https:\/\/dijitalahtapot.com\/index.php?rest_route=\/wp\/v2\/users\/1"}],"replies":[{"embeddable":true,"href":"https:\/\/dijitalahtapot.com\/index.php?rest_route=%2Fwp%2Fv2%2Fcomments&post=3387"}],"version-history":[{"count":26,"href":"https:\/\/dijitalahtapot.com\/index.php?rest_route=\/wp\/v2\/pages\/3387\/revisions"}],"predecessor-version":[{"id":3481,"href":"https:\/\/dijitalahtapot.com\/index.php?rest_route=\/wp\/v2\/pages\/3387\/revisions\/3481"}],"wp:attachment":[{"href":"https:\/\/dijitalahtapot.com\/index.php?rest_route=%2Fwp%2Fv2%2Fmedia&parent=3387"}],"curies":[{"name":"wp","href":"https:\/\/api.w.org\/{rel}","templated":true}]}}